{"id":7,"date":"2024-06-20T10:24:54","date_gmt":"2024-06-20T08:24:54","guid":{"rendered":"https:\/\/madanyco.pl\/?page_id=7"},"modified":"2026-03-25T10:52:43","modified_gmt":"2026-03-25T09:52:43","slug":"strona-glowna","status":"publish","type":"page","link":"https:\/\/madanyco.pl\/","title":{"rendered":"Strona Glowna"},"content":{"rendered":"\t\t<div data-elementor-type=\"wp-page\" data-elementor-id=\"7\" class=\"elementor elementor-7\">\n\t\t\t\t<div class=\"elementor-element elementor-element-57d7bed e-flex e-con-boxed e-con e-parent\" data-id=\"57d7bed\" data-element_type=\"container\" data-e-type=\"container\">\n\t\t\t\t\t<div class=\"e-con-inner\">\n\t\t\t\t<div class=\"elementor-element elementor-element-0cc0e78 elementor-widget elementor-widget-video\" data-id=\"0cc0e78\" data-element_type=\"widget\" data-e-type=\"widget\" data-settings=\"{&quot;video_type&quot;:&quot;hosted&quot;,&quot;autoplay&quot;:&quot;yes&quot;,&quot;play_on_mobile&quot;:&quot;yes&quot;,&quot;loop&quot;:&quot;yes&quot;,&quot;start&quot;:0,&quot;end&quot;:0,&quot;mute&quot;:&quot;yes&quot;,&quot;controls&quot;:&quot;yes&quot;}\" data-widget_type=\"video.default\">\n\t\t\t\t<div class=\"elementor-widget-container\">\n\t\t\t\t\t\t\t<div class=\"e-hosted-video elementor-wrapper elementor-open-inline\">\n\t\t\t\t\t<video class=\"elementor-video\" src=\"https:\/\/madanyco.pl\/wp-content\/uploads\/2025\/02\/3B98B312-0B0D-4541-A75F-40C2BC8415D9.mov\" autoplay=\"\" loop=\"\" controls=\"\" muted=\"muted\" playsinline=\"\" controlsList=\"nodownload\"><\/video>\n\t\t\t\t<\/div>\n\t\t\t\t\t\t<\/div>\n\t\t\t\t<\/div>\n\t\t\t\t<div class=\"elementor-element elementor-element-bb97ce1 elementor-widget elementor-widget-image\" data-id=\"bb97ce1\" data-element_type=\"widget\" data-e-type=\"widget\" data-widget_type=\"image.default\">\n\t\t\t\t<div class=\"elementor-widget-container\">\n\t\t\t\t\t\t\t\t\t\t\t\t\t\t\t<img fetchpriority=\"high\" decoding=\"async\" width=\"1024\" height=\"576\" src=\"https:\/\/madanyco.pl\/wp-content\/uploads\/2026\/03\/IMG_3823-1024x576.jpeg\" class=\"attachment-large size-large wp-image-691\" alt=\"\" srcset=\"https:\/\/madanyco.pl\/wp-content\/uploads\/2026\/03\/IMG_3823-1024x576.jpeg 1024w, https:\/\/madanyco.pl\/wp-content\/uploads\/2026\/03\/IMG_3823-300x169.jpeg 300w, https:\/\/madanyco.pl\/wp-content\/uploads\/2026\/03\/IMG_3823-768x432.jpeg 768w, https:\/\/madanyco.pl\/wp-content\/uploads\/2026\/03\/IMG_3823-1536x864.jpeg 1536w, https:\/\/madanyco.pl\/wp-content\/uploads\/2026\/03\/IMG_3823-800x450.jpeg 800w, https:\/\/madanyco.pl\/wp-content\/uploads\/2026\/03\/IMG_3823-1320x743.jpeg 1320w, https:\/\/madanyco.pl\/wp-content\/uploads\/2026\/03\/IMG_3823-600x338.jpeg 600w, https:\/\/madanyco.pl\/wp-content\/uploads\/2026\/03\/IMG_3823.jpeg 2000w\" sizes=\"(max-width: 1024px) 100vw, 1024px\" \/>\t\t\t\t\t\t\t\t\t\t\t\t\t\t\t<\/div>\n\t\t\t\t<\/div>\n\t\t\t\t<div class=\"elementor-element elementor-element-b87cc90 eael-wpforms-labels-yes eael-wpforms-form-button-custom elementor-widget elementor-widget-eael-wpforms\" data-id=\"b87cc90\" data-element_type=\"widget\" data-e-type=\"widget\" data-widget_type=\"eael-wpforms.default\">\n\t\t\t\t<div class=\"elementor-widget-container\">\n\t\t\t\t\t            <div class=\"eael-contact-form eael-wpforms eael-wpforms-align-default\">\n                                <div class=\"wpforms-container wpforms-container-full wpforms-render-modern\" id=\"wpforms-683\"><form id=\"wpforms-form-683\" class=\"wpforms-validate wpforms-form wpforms-ajax-form\" data-formid=\"683\" method=\"post\" enctype=\"multipart\/form-data\" action=\"\/index.php?rest_route=%2Fwp%2Fv2%2Fpages%2F7\" data-token=\"6f08c2ffd7f6d521e459885233d0301a\" data-token-time=\"1776422891\"><div class=\"wpforms-head-container\"><\/div><noscript class=\"wpforms-error-noscript\">Please enable JavaScript in your browser to complete this form.<\/noscript><div id=\"wpforms-error-noscript\" style=\"display: none;\">Please enable JavaScript in your browser to complete this form.<\/div><div class=\"wpforms-field-container\"><div id=\"wpforms-683-field_1-container\" class=\"wpforms-field wpforms-field-name\" data-field-id=\"1\"><fieldset><legend class=\"wpforms-field-label\">Imi\u0119 i nazwisko  <span class=\"wpforms-required-label\" aria-hidden=\"true\">*<\/span><\/legend><div class=\"wpforms-field-row wpforms-field-medium\"><div class=\"wpforms-field-row-block wpforms-first wpforms-one-half\"><input type=\"text\" id=\"wpforms-683-field_1\" class=\"wpforms-field-name-first wpforms-field-required\" name=\"wpforms[fields][1][first]\" aria-errormessage=\"wpforms-683-field_1-error\" required><label for=\"wpforms-683-field_1\" class=\"wpforms-field-sublabel after\">First<\/label><\/div><div class=\"wpforms-field-row-block wpforms-one-half\"><input type=\"text\" id=\"wpforms-683-field_1-last\" class=\"wpforms-field-name-last wpforms-field-required\" name=\"wpforms[fields][1][last]\" aria-errormessage=\"wpforms-683-field_1-last-error\" required><label for=\"wpforms-683-field_1-last\" class=\"wpforms-field-sublabel after\">Last<\/label><\/div><\/div><\/fieldset><\/div><div id=\"wpforms-683-field_2-container\" class=\"wpforms-field wpforms-field-email\" data-field-id=\"2\"><label class=\"wpforms-field-label\" for=\"wpforms-683-field_2\">Email <span class=\"wpforms-required-label\" aria-hidden=\"true\">*<\/span><\/label><input type=\"email\" id=\"wpforms-683-field_2\" class=\"wpforms-field-medium wpforms-field-required\" name=\"wpforms[fields][2]\" spellcheck=\"false\" aria-errormessage=\"wpforms-683-field_2-error\" required><\/div>\t\t<div id=\"wpforms-683-field_4-container\"\n\t\t\tclass=\"wpforms-field wpforms-field-text\"\n\t\t\tdata-field-type=\"text\"\n\t\t\tdata-field-id=\"4\"\n\t\t\t>\n\t\t\t<label class=\"wpforms-field-label\" for=\"wpforms-683-field_4\" >ci\u0105gu odezw\u0119 Imi\u0119<\/label>\n\t\t\t<input type=\"text\" id=\"wpforms-683-field_4\" class=\"wpforms-field-medium\" name=\"wpforms[fields][4]\" >\n\t\t<\/div>\n\t\t<div id=\"wpforms-683-field_3-container\" class=\"wpforms-field wpforms-field-textarea\" data-field-id=\"3\"><label class=\"wpforms-field-label\" for=\"wpforms-683-field_3\">Opisz mi czego potrzebujesz  - odezw\u0119 si\u0119 do Ciebie w ci\u0105gu 24h<\/label><textarea id=\"wpforms-683-field_3\" class=\"wpforms-field-medium\" name=\"wpforms[fields][3]\" aria-errormessage=\"wpforms-683-field_3-error\" ><\/textarea><\/div><script>\n\t\t\t\t( function() {\n\t\t\t\t\tconst style = document.createElement( 'style' );\n\t\t\t\t\tstyle.appendChild( document.createTextNode( '#wpforms-683-field_4-container { position: absolute !important; overflow: hidden !important; display: inline !important; height: 1px !important; width: 1px !important; z-index: -1000 !important; padding: 0 !important; } #wpforms-683-field_4-container input { visibility: hidden; } #wpforms-conversational-form-page #wpforms-683-field_4-container label { counter-increment: none; }' ) );\n\t\t\t\t\tdocument.head.appendChild( style );\n\t\t\t\t\tdocument.currentScript?.remove();\n\t\t\t\t} )();\n\t\t\t<\/script><\/div><!-- .wpforms-field-container --><div class=\"wpforms-submit-container\" ><input type=\"hidden\" name=\"wpforms[id]\" value=\"683\"><input type=\"hidden\" name=\"page_title\" value=\"\"><input type=\"hidden\" name=\"page_url\" value=\"https:\/\/madanyco.pl\/index.php?rest_route=\/wp\/v2\/pages\/7\"><input type=\"hidden\" name=\"url_referer\" value=\"\"><button type=\"submit\" name=\"wpforms[submit]\" id=\"wpforms-submit-683\" class=\"wpforms-submit\" data-alt-text=\"Sending...\" data-submit-text=\"Submit\" aria-live=\"assertive\" value=\"wpforms-submit\">Submit<\/button><img decoding=\"async\" src=\"https:\/\/madanyco.pl\/wp-content\/plugins\/wpforms-lite\/assets\/images\/submit-spin.svg\" class=\"wpforms-submit-spinner\" style=\"display: none;\" width=\"26\" height=\"26\" alt=\"Loading\"><\/div><\/form><\/div>  <!-- .wpforms-container -->            <\/div>\n\t\t\t\t<\/div>\n\t\t\t\t<\/div>\n\t\t\t\t<div class=\"elementor-element elementor-element-315f0d3 elementor-widget elementor-widget-image\" data-id=\"315f0d3\" data-element_type=\"widget\" data-e-type=\"widget\" data-widget_type=\"image.default\">\n\t\t\t\t<div class=\"elementor-widget-container\">\n\t\t\t\t\t\t\t\t\t\t\t\t\t\t\t<img decoding=\"async\" width=\"1024\" height=\"576\" src=\"https:\/\/madanyco.pl\/wp-content\/uploads\/2026\/02\/IMG_3812-1024x576.jpeg\" class=\"attachment-large size-large wp-image-682\" alt=\"\" srcset=\"https:\/\/madanyco.pl\/wp-content\/uploads\/2026\/02\/IMG_3812-1024x576.jpeg 1024w, https:\/\/madanyco.pl\/wp-content\/uploads\/2026\/02\/IMG_3812-300x169.jpeg 300w, https:\/\/madanyco.pl\/wp-content\/uploads\/2026\/02\/IMG_3812-768x432.jpeg 768w, https:\/\/madanyco.pl\/wp-content\/uploads\/2026\/02\/IMG_3812-1536x864.jpeg 1536w, https:\/\/madanyco.pl\/wp-content\/uploads\/2026\/02\/IMG_3812-800x450.jpeg 800w, https:\/\/madanyco.pl\/wp-content\/uploads\/2026\/02\/IMG_3812-1320x743.jpeg 1320w, https:\/\/madanyco.pl\/wp-content\/uploads\/2026\/02\/IMG_3812-600x338.jpeg 600w, https:\/\/madanyco.pl\/wp-content\/uploads\/2026\/02\/IMG_3812.jpeg 2000w\" sizes=\"(max-width: 1024px) 100vw, 1024px\" \/>\t\t\t\t\t\t\t\t\t\t\t\t\t\t\t<\/div>\n\t\t\t\t<\/div>\n\t\t\t\t\t<\/div>\n\t\t\t\t<\/div>\n\t\t\t\t<\/div>\n\t\t","protected":false},"excerpt":{"rendered":"<p>https:\/\/madanyco.pl\/wp-content\/uploads\/2025\/02\/3B98B312-0B0D-4541-A75F-40C2BC8415D9.mov Please enable JavaScript in your browser to complete this form.Please enable JavaScript in your browser to complete this form. Imi\u0119 i nazwisko * FirstLast Email *Opisz mi czego potrzebujesz &#8211; odezw\u0119 si\u0119 do Ciebie w ci\u0105gu 24h Submit<\/p>\n","protected":false},"author":1,"featured_media":0,"parent":0,"menu_order":0,"comment_status":"closed","ping_status":"closed","template":"elementor_header_footer","meta":{"footnotes":""},"class_list":["post-7","page","type-page","status-publish","hentry","entry","owp-thumbs-layout-horizontal","owp-btn-normal","owp-tabs-layout-horizontal","has-no-thumbnails","has-product-nav"],"jetpack_sharing_enabled":true,"_links":{"self":[{"href":"https:\/\/madanyco.pl\/index.php?rest_route=\/wp\/v2\/pages\/7","targetHints":{"allow":["GET"]}}],"collection":[{"href":"https:\/\/madanyco.pl\/index.php?rest_route=\/wp\/v2\/pages"}],"about":[{"href":"https:\/\/madanyco.pl\/index.php?rest_route=\/wp\/v2\/types\/page"}],"author":[{"embeddable":true,"href":"https:\/\/madanyco.pl\/index.php?rest_route=\/wp\/v2\/users\/1"}],"replies":[{"embeddable":true,"href":"https:\/\/madanyco.pl\/index.php?rest_route=%2Fwp%2Fv2%2Fcomments&post=7"}],"version-history":[{"count":135,"href":"https:\/\/madanyco.pl\/index.php?rest_route=\/wp\/v2\/pages\/7\/revisions"}],"predecessor-version":[{"id":701,"href":"https:\/\/madanyco.pl\/index.php?rest_route=\/wp\/v2\/pages\/7\/revisions\/701"}],"wp:attachment":[{"href":"https:\/\/madanyco.pl\/index.php?rest_route=%2Fwp%2Fv2%2Fmedia&parent=7"}],"curies":[{"name":"wp","href":"https:\/\/api.w.org\/{rel}","templated":true}]}}