{"id":580,"date":"2025-08-08T16:15:24","date_gmt":"2025-08-08T14:15:24","guid":{"rendered":"https:\/\/madanyco.pl\/?post_type=product&#038;p=580"},"modified":"2026-04-14T10:37:26","modified_gmt":"2026-04-14T08:37:26","slug":"zestaw-starter-szybki-boost","status":"publish","type":"product","link":"https:\/\/madanyco.pl\/?product=zestaw-starter-szybki-boost","title":{"rendered":"Korekta Portfolio"},"content":{"rendered":"","protected":false},"excerpt":{"rendered":"<p>Otrzymasz profesjonaln\u0105 analiz\u0119 Twojej pracy z konkretnymi poprawkami, kt\u00f3re natychmiast podnios\u0105 poziom Twojego rysunku, malarstwa lub projektu.<\/p>\n<p>Dzi\u0119ki tej korekcie zobaczysz dok\u0142adnie, co psuje efekt i jak to naprawi\u0107 \u2014 bez b\u0142\u0105dzenia, bez domy\u015blania si\u0119. Idealne, je\u015bli chcesz szybciej robi\u0107 lepsze prace.<\/p>\n","protected":false},"featured_media":625,"comment_status":"open","ping_status":"closed","template":"","meta":[],"product_brand":[],"product_cat":[20],"product_tag":[],"class_list":{"0":"post-580","1":"product","2":"type-product","3":"status-publish","4":"has-post-thumbnail","6":"product_cat-konsultacja-pisemna","8":"entry","9":"has-media","11":"first","12":"instock","13":"virtual","14":"purchasable","15":"product-type-simple","16":"has-product-nav","17":"col","18":"span_1_of_3","19":"owp-content-center","20":"owp-thumbs-layout-horizontal","21":"owp-btn-normal","22":"owp-tabs-layout-horizontal","23":"has-no-thumbnails"},"jetpack_sharing_enabled":true,"_links":{"self":[{"href":"https:\/\/madanyco.pl\/index.php?rest_route=\/wp\/v2\/product\/580","targetHints":{"allow":["GET"]}}],"collection":[{"href":"https:\/\/madanyco.pl\/index.php?rest_route=\/wp\/v2\/product"}],"about":[{"href":"https:\/\/madanyco.pl\/index.php?rest_route=\/wp\/v2\/types\/product"}],"replies":[{"embeddable":true,"href":"https:\/\/madanyco.pl\/index.php?rest_route=%2Fwp%2Fv2%2Fcomments&post=580"}],"wp:featuredmedia":[{"embeddable":true,"href":"https:\/\/madanyco.pl\/index.php?rest_route=\/wp\/v2\/media\/625"}],"wp:attachment":[{"href":"https:\/\/madanyco.pl\/index.php?rest_route=%2Fwp%2Fv2%2Fmedia&parent=580"}],"wp:term":[{"taxonomy":"product_brand","embeddable":true,"href":"https:\/\/madanyco.pl\/index.php?rest_route=%2Fwp%2Fv2%2Fproduct_brand&post=580"},{"taxonomy":"product_cat","embeddable":true,"href":"https:\/\/madanyco.pl\/index.php?rest_route=%2Fwp%2Fv2%2Fproduct_cat&post=580"},{"taxonomy":"product_tag","embeddable":true,"href":"https:\/\/madanyco.pl\/index.php?rest_route=%2Fwp%2Fv2%2Fproduct_tag&post=580"}],"curies":[{"name":"wp","href":"https:\/\/api.w.org\/{rel}","templated":true}]}}