{"id":626,"date":"2026-01-14T11:25:53","date_gmt":"2026-01-14T10:25:53","guid":{"rendered":"https:\/\/madanyco.pl\/?post_type=product&#038;p=626"},"modified":"2026-03-10T12:15:37","modified_gmt":"2026-03-10T11:15:37","slug":"indywidualny-mentoring-artystyczny-11-program-miesieczny","status":"publish","type":"product","link":"https:\/\/madanyco.pl\/?product=indywidualny-mentoring-artystyczny-11-program-miesieczny","title":{"rendered":"Indywidualny Mentoring Artystyczny &#8211; 1:1 &#8211; Program miesi\u0119czny"},"content":{"rendered":"","protected":false},"excerpt":{"rendered":"<p>To jest serce tego mentoringu.<\/p>\n<p>Przez miesi\u0105c:<\/p>\n<ul>\n<li>pracujemy regularnie<\/li>\n<li>reagujemy na Twoje post\u0119py<\/li>\n<li>dostosowujemy wszystko na bie\u017c\u0105co<\/li>\n<\/ul>\n<p>To dzia\u0142a jak:<\/p>\n<ul>\n<li>korepetycje<\/li>\n<li>pracownia<\/li>\n<li>mentoring<br \/>\n\u2026w jednym.<\/li>\n<\/ul>\n<p>Nie uczysz si\u0119 \u201erysunku\u201d czy \u201emalarstwa\u201d.<\/p>\n<p>Uczysz si\u0119 lepiej widzie\u0107, lepiej my\u015ble\u0107 i lepiej tworzy\u0107.<\/p>\n<p>Idealne, je\u015bli:<\/p>\n<ul>\n<li>chcesz realnego progresu<\/li>\n<li>potrzebujesz kogo\u015b, kto Ci\u0119 prowadzi<\/li>\n<li>chcesz przesta\u0107 traci\u0107 czas na przypadkowe \u0107wiczenia<\/li>\n<li>3 spotkania, czas trwania ka\u017cdego to 60 min<\/li>\n<\/ul>\n","protected":false},"featured_media":625,"comment_status":"open","ping_status":"closed","template":"","meta":[],"product_brand":[],"product_cat":[17],"product_tag":[],"class_list":{"0":"post-626","1":"product","2":"type-product","3":"status-publish","4":"has-post-thumbnail","6":"product_cat-konsultacje","8":"entry","9":"has-media","11":"first","12":"instock","13":"virtual","14":"purchasable","15":"product-type-simple","16":"has-product-nav","17":"col","18":"span_1_of_3","19":"owp-content-center","20":"owp-thumbs-layout-horizontal","21":"owp-btn-normal","22":"owp-tabs-layout-horizontal","23":"has-no-thumbnails"},"jetpack_sharing_enabled":true,"_links":{"self":[{"href":"https:\/\/madanyco.pl\/index.php?rest_route=\/wp\/v2\/product\/626","targetHints":{"allow":["GET"]}}],"collection":[{"href":"https:\/\/madanyco.pl\/index.php?rest_route=\/wp\/v2\/product"}],"about":[{"href":"https:\/\/madanyco.pl\/index.php?rest_route=\/wp\/v2\/types\/product"}],"replies":[{"embeddable":true,"href":"https:\/\/madanyco.pl\/index.php?rest_route=%2Fwp%2Fv2%2Fcomments&post=626"}],"wp:featuredmedia":[{"embeddable":true,"href":"https:\/\/madanyco.pl\/index.php?rest_route=\/wp\/v2\/media\/625"}],"wp:attachment":[{"href":"https:\/\/madanyco.pl\/index.php?rest_route=%2Fwp%2Fv2%2Fmedia&parent=626"}],"wp:term":[{"taxonomy":"product_brand","embeddable":true,"href":"https:\/\/madanyco.pl\/index.php?rest_route=%2Fwp%2Fv2%2Fproduct_brand&post=626"},{"taxonomy":"product_cat","embeddable":true,"href":"https:\/\/madanyco.pl\/index.php?rest_route=%2Fwp%2Fv2%2Fproduct_cat&post=626"},{"taxonomy":"product_tag","embeddable":true,"href":"https:\/\/madanyco.pl\/index.php?rest_route=%2Fwp%2Fv2%2Fproduct_tag&post=626"}],"curies":[{"name":"wp","href":"https:\/\/api.w.org\/{rel}","templated":true}]}}