{"id":629,"date":"2026-01-14T11:37:06","date_gmt":"2026-01-14T10:37:06","guid":{"rendered":"https:\/\/madanyco.pl\/?post_type=product&#038;p=629"},"modified":"2026-03-10T12:16:39","modified_gmt":"2026-03-10T11:16:39","slug":"indywidualny-mentoring-artystyczny-11-program-6-miesieczny","status":"publish","type":"product","link":"https:\/\/madanyco.pl\/?product=indywidualny-mentoring-artystyczny-11-program-6-miesieczny","title":{"rendered":"Indywidualny Mentoring Artystyczny &#8211; 1:1 &#8211; Program 6 miesi\u0119czny"},"content":{"rendered":"","protected":false},"excerpt":{"rendered":"<p>To jest opcja dla tych, kt\u00f3rzy nie chc\u0105 p\u00f3\u0142\u015brodk\u00f3w.<\/p>\n<p>P\u00f3\u0142 roku pracy oznacza:<\/p>\n<ul>\n<li>g\u0142\u0119bok\u0105 zmian\u0119 sposobu my\u015blenia<\/li>\n<li>\u015bwiadomy rozw\u00f3j stylu<\/li>\n<li>realn\u0105 pewno\u015b\u0107 w tym, co tworzysz<\/li>\n<\/ul>\n<p>To mentoring dla os\u00f3b, kt\u00f3re:<\/p>\n<ul>\n<li>my\u015bl\u0105 o sztuce powa\u017cnie<\/li>\n<li>chc\u0105 d\u0142ugoterminowego prowadzenia<\/li>\n<li>chc\u0105 kogo\u015b, kto zna ich proces, a nie tylko \u201ewidzi prace\u201d<\/li>\n<\/ul>\n<p>To ju\u017c nie s\u0105 \u201elekcje\u201d.<\/p>\n<p>To relacja mistrz\u2013ucze\u0144 w nowoczesnej, online\u2019owej formie. Program obejmuje 18 spotka\u0144, ka\u017cde trwaj\u0105ce 60 minut.<\/p>\n","protected":false},"featured_media":625,"comment_status":"open","ping_status":"closed","template":"","meta":[],"product_brand":[],"product_cat":[19,20,17,16,22],"product_tag":[],"class_list":{"0":"post-629","1":"product","2":"type-product","3":"status-publish","4":"has-post-thumbnail","6":"product_cat-ebooki","7":"product_cat-konsultacja-pisemna","8":"product_cat-konsultacje","9":"product_cat-premium","10":"product_cat-videobook","12":"entry","13":"has-media","15":"first","16":"instock","17":"virtual","18":"purchasable","19":"product-type-simple","20":"has-product-nav","21":"col","22":"span_1_of_3","23":"owp-content-center","24":"owp-thumbs-layout-horizontal","25":"owp-btn-normal","26":"owp-tabs-layout-horizontal","27":"has-no-thumbnails"},"jetpack_sharing_enabled":true,"_links":{"self":[{"href":"https:\/\/madanyco.pl\/index.php?rest_route=\/wp\/v2\/product\/629","targetHints":{"allow":["GET"]}}],"collection":[{"href":"https:\/\/madanyco.pl\/index.php?rest_route=\/wp\/v2\/product"}],"about":[{"href":"https:\/\/madanyco.pl\/index.php?rest_route=\/wp\/v2\/types\/product"}],"replies":[{"embeddable":true,"href":"https:\/\/madanyco.pl\/index.php?rest_route=%2Fwp%2Fv2%2Fcomments&post=629"}],"wp:featuredmedia":[{"embeddable":true,"href":"https:\/\/madanyco.pl\/index.php?rest_route=\/wp\/v2\/media\/625"}],"wp:attachment":[{"href":"https:\/\/madanyco.pl\/index.php?rest_route=%2Fwp%2Fv2%2Fmedia&parent=629"}],"wp:term":[{"taxonomy":"product_brand","embeddable":true,"href":"https:\/\/madanyco.pl\/index.php?rest_route=%2Fwp%2Fv2%2Fproduct_brand&post=629"},{"taxonomy":"product_cat","embeddable":true,"href":"https:\/\/madanyco.pl\/index.php?rest_route=%2Fwp%2Fv2%2Fproduct_cat&post=629"},{"taxonomy":"product_tag","embeddable":true,"href":"https:\/\/madanyco.pl\/index.php?rest_route=%2Fwp%2Fv2%2Fproduct_tag&post=629"}],"curies":[{"name":"wp","href":"https:\/\/api.w.org\/{rel}","templated":true}]}}