{"id":649,"date":"2026-02-19T22:43:16","date_gmt":"2026-02-19T21:43:16","guid":{"rendered":"https:\/\/madanyco.pl\/?post_type=product&#038;p=649"},"modified":"2026-04-14T10:45:52","modified_gmt":"2026-04-14T08:45:52","slug":"nie-daj-plamy-videobook","status":"publish","type":"product","link":"https:\/\/madanyco.pl\/?product=nie-daj-plamy-videobook","title":{"rendered":"Nie daj Plamy! &#8211; Kurs Malarstwa"},"content":{"rendered":"","protected":false},"excerpt":{"rendered":"<article class=\"text-token-text-primary w-full focus:outline-none [--shadow-height:45px] has-data-writing-block:pointer-events-none has-data-writing-block:-mt-(--shadow-height) has-data-writing-block:pt-(--shadow-height) [&amp;:has([data-writing-block])&gt;*]:pointer-events-auto scroll-mt-(--header-height)\" dir=\"auto\" tabindex=\"-1\" data-turn-id=\"ff1265d8-0762-46f7-bfb9-c57586bed8d4\" data-testid=\"conversation-turn-1\" data-scroll-anchor=\"false\" data-turn=\"user\"><\/article>\n<article class=\"text-token-text-primary w-full focus:outline-none [--shadow-height:45px] has-data-writing-block:pointer-events-none has-data-writing-block:-mt-(--shadow-height) has-data-writing-block:pt-(--shadow-height) [&amp;:has([data-writing-block])&gt;*]:pointer-events-auto scroll-mt-[calc(var(--header-height)+min(200px,max(70px,20svh)))]\" dir=\"auto\" tabindex=\"-1\" data-turn-id=\"request-WEB:c33db11d-0bca-4b8d-8d03-ff9114e264e2-0\" data-testid=\"conversation-turn-2\" data-scroll-anchor=\"true\" data-turn=\"assistant\">\n<div class=\"text-base my-auto mx-auto pb-10 [--thread-content-margin:--spacing(4)] @w-sm\/main:[--thread-content-margin:--spacing(6)] @w-lg\/main:[--thread-content-margin:--spacing(16)] px-(--thread-content-margin)\">\n<div class=\"[--thread-content-max-width:40rem] @w-lg\/main:[--thread-content-max-width:48rem] mx-auto max-w-(--thread-content-max-width) flex-1 group\/turn-messages focus-visible:outline-hidden relative flex w-full min-w-0 flex-col agent-turn\" tabindex=\"-1\">\n<div class=\"flex max-w-full flex-col grow\">\n<div class=\"min-h-8 text-message relative flex w-full flex-col items-end gap-2 text-start break-words whitespace-normal [.text-message+&amp;]:mt-1\" dir=\"auto\" data-message-author-role=\"assistant\" data-message-id=\"ce23e6ec-7a62-4475-a6a7-9579c2d99904\" data-message-model-slug=\"gpt-5-2\">\n<div class=\"flex w-full flex-col gap-1 empty:hidden first:pt-[1px]\">\n<div class=\"markdown prose dark:prose-invert w-full wrap-break-word dark markdown-new-styling\">\n<p data-start=\"0\" data-end=\"65\"><strong data-start=\"0\" data-end=\"65\">Nie daj plamy: Martwa natura \u2013 Przepustka do Twojego sukcesu.<\/strong><\/p>\n<p data-start=\"67\" data-end=\"259\">Ten kurs to intensywne, konkretne szkolenie online po\u015bwi\u0119cone najwa\u017cniejszemu zadaniu na egzaminach do Plastyka czy na ASP &#8211; martwej naturze \u2013 od podstaw budowania kompozycji a\u017c po \u015bwiadome operowanie \u015bwiat\u0142em, kolorem i faktur\u0105.<\/p>\n<p data-start=\"261\" data-end=\"359\"><strong data-start=\"261\" data-end=\"278\">Czas trwania:<\/strong> 55 minut i 52 sekundy<br data-start=\"300\" data-end=\"303\" \/>Forma: nagranie wideo do odtworzenia w dowolnym momencie<\/p>\n<hr data-start=\"361\" data-end=\"364\" \/>\n<h3 data-start=\"366\" data-end=\"398\">Dla kogo jest ten kurs?<\/h3>\n<ul data-start=\"400\" data-end=\"726\">\n<li data-start=\"400\" data-end=\"487\">\n<p data-start=\"402\" data-end=\"487\">dla os\u00f3b przygotowuj\u0105cych si\u0119 na studia artystyczne<\/p>\n<\/li>\n<li data-start=\"488\" data-end=\"537\">\n<p data-start=\"490\" data-end=\"537\">dla maturzyst\u00f3w zdaj\u0105cych egzaminy praktyczne<\/p>\n<\/li>\n<li data-start=\"538\" data-end=\"579\">\n<p data-start=\"540\" data-end=\"579\">dla student\u00f3w kierunk\u00f3w artystycznych<\/p>\n<\/li>\n<li data-start=\"580\" data-end=\"629\">\n<p data-start=\"582\" data-end=\"629\">dla samouk\u00f3w, kt\u00f3rzy chc\u0105 uporz\u0105dkowa\u0107 wiedz\u0119<\/p>\n<\/li>\n<li data-start=\"630\" data-end=\"726\">\n<p data-start=\"632\" data-end=\"726\">dla ka\u017cdego, kto chce zrozumie\u0107 martw\u0105 natur\u0119 g\u0142\u0119biej ni\u017c tylko \u201e\u0142adne ustawienie przedmiot\u00f3w\u201d<\/p>\n<\/li>\n<\/ul>\n<hr data-start=\"728\" data-end=\"731\" \/>\n<h3 data-start=\"733\" data-end=\"760\">Co znajdziesz w \u015brodku?<\/h3>\n<ul data-start=\"762\" data-end=\"1090\">\n<li data-start=\"762\" data-end=\"807\">\n<p data-start=\"764\" data-end=\"807\">Kurs sk\u0142ada si\u0119 z 5 poziom\u00f3w:<\/p>\n<\/li>\n<li data-start=\"762\" data-end=\"807\">\n<p data-start=\"764\" data-end=\"807\">\ud83d\udd39 Jak budowa\u0107 mocn\u0105, \u015bwiadom\u0105 kompozycj\u0119<\/p>\n<\/li>\n<li data-start=\"808\" data-end=\"859\">\n<p data-start=\"810\" data-end=\"859\">\ud83d\udd39 Analiz\u0119 proporcji i relacji mi\u0119dzy obiektami<\/p>\n<\/li>\n<li data-start=\"860\" data-end=\"894\">\n<p data-start=\"862\" data-end=\"894\">\ud83d\udd39 Prac\u0119 ze \u015bwiat\u0142em i cieniem<\/p>\n<\/li>\n<li data-start=\"895\" data-end=\"932\">\n<p data-start=\"897\" data-end=\"932\">\ud83d\udd39 Konstrukcj\u0119 bry\u0142 i przestrzeni<\/p>\n<\/li>\n<li data-start=\"933\" data-end=\"975\">\n<p data-start=\"935\" data-end=\"975\">\ud83d\udd39 Wskaz\u00f3wki dotycz\u0105ce koloru i waloru<\/p>\n<\/li>\n<li data-start=\"976\" data-end=\"1017\">\n<p data-start=\"978\" data-end=\"1017\">\ud83d\udd39 Najcz\u0119stsze b\u0142\u0119dy i jak ich unika\u0107<\/p>\n<\/li>\n<li data-start=\"1018\" data-end=\"1090\">\n<p data-start=\"1020\" data-end=\"1090\">\ud83d\udd39 My\u015blenie egzaminacyjne \u2013 jak podej\u015b\u0107 do tematu, \u017ceby si\u0119 wyr\u00f3\u017cni\u0107<\/p>\n<\/li>\n<\/ul>\n<p data-start=\"1092\" data-end=\"1200\">To nie jest tylko pokaz \u201ejak malowa\u0107\u201d. To nauka patrzenia, analizowania i podejmowania decyzji plastycznych.<\/p>\n<p data-start=\"1092\" data-end=\"1200\">Pobierz swoj\u0105 przepustk\u0119 do sukcesu ju\u017c teraz!<\/p>\n<\/div>\n<\/div>\n<\/div>\n<\/div>\n<\/div>\n<\/div>\n<\/article>\n","protected":false},"featured_media":681,"comment_status":"open","ping_status":"closed","template":"","meta":[],"product_brand":[],"product_cat":[19,20,17,16,22],"product_tag":[],"class_list":{"0":"post-649","1":"product","2":"type-product","3":"status-publish","4":"has-post-thumbnail","6":"product_cat-ebooki","7":"product_cat-konsultacja-pisemna","8":"product_cat-konsultacje","9":"product_cat-premium","10":"product_cat-videobook","12":"entry","13":"has-media","15":"first","16":"instock","17":"sale","18":"downloadable","19":"shipping-taxable","20":"purchasable","21":"product-type-simple","22":"has-product-nav","23":"col","24":"span_1_of_3","25":"owp-content-center","26":"owp-thumbs-layout-horizontal","27":"owp-btn-normal","28":"owp-tabs-layout-horizontal","29":"has-no-thumbnails"},"jetpack_sharing_enabled":true,"_links":{"self":[{"href":"https:\/\/madanyco.pl\/index.php?rest_route=\/wp\/v2\/product\/649","targetHints":{"allow":["GET"]}}],"collection":[{"href":"https:\/\/madanyco.pl\/index.php?rest_route=\/wp\/v2\/product"}],"about":[{"href":"https:\/\/madanyco.pl\/index.php?rest_route=\/wp\/v2\/types\/product"}],"replies":[{"embeddable":true,"href":"https:\/\/madanyco.pl\/index.php?rest_route=%2Fwp%2Fv2%2Fcomments&post=649"}],"wp:featuredmedia":[{"embeddable":true,"href":"https:\/\/madanyco.pl\/index.php?rest_route=\/wp\/v2\/media\/681"}],"wp:attachment":[{"href":"https:\/\/madanyco.pl\/index.php?rest_route=%2Fwp%2Fv2%2Fmedia&parent=649"}],"wp:term":[{"taxonomy":"product_brand","embeddable":true,"href":"https:\/\/madanyco.pl\/index.php?rest_route=%2Fwp%2Fv2%2Fproduct_brand&post=649"},{"taxonomy":"product_cat","embeddable":true,"href":"https:\/\/madanyco.pl\/index.php?rest_route=%2Fwp%2Fv2%2Fproduct_cat&post=649"},{"taxonomy":"product_tag","embeddable":true,"href":"https:\/\/madanyco.pl\/index.php?rest_route=%2Fwp%2Fv2%2Fproduct_tag&post=649"}],"curies":[{"name":"wp","href":"https:\/\/api.w.org\/{rel}","templated":true}]}}